{"id":89,"date":"2015-10-30T10:19:02","date_gmt":"2015-10-30T08:19:02","guid":{"rendered":"http:\/\/www.ormantik.com\/forum\/?page_id=89"},"modified":"2021-01-25T10:13:36","modified_gmt":"2021-01-25T07:13:36","slug":"hakkimizda","status":"publish","type":"page","link":"https:\/\/www.ormantik.com\/forum\/hakkimizda\/","title":{"rendered":"Hakk\u0131m\u0131zda"},"content":{"rendered":"\n<div class=\"wp-block-columns is-layout-flex wp-container-core-columns-is-layout-9d6595d7 wp-block-columns-is-layout-flex\">\n<div class=\"wp-block-column is-layout-flow wp-block-column-is-layout-flow\" style=\"flex-basis:33.33%\">\n<figure class=\"wp-block-image size-full\"><img loading=\"lazy\" decoding=\"async\" width=\"709\" height=\"380\" src=\"https:\/\/www.ormantik.com\/forum\/wp-content\/uploads\/2021\/01\/ormantik-2011.jpg\" alt=\"\" class=\"wp-image-1275\"\/><figcaption>2011<\/figcaption><\/figure>\n<\/div>\n\n\n\n<div class=\"wp-block-column is-layout-flow wp-block-column-is-layout-flow\" style=\"flex-basis:66.66%\">\n<p>Ormantik.com 23 Nisan 2011&#8217;de \u0130stanbul \u00dcniversitesi Orman Fak\u00fcltesi&#8217;nde bir ka\u00e7 g\u00f6n\u00fcll\u00fc \u00f6\u011frenci taraf\u0131ndan kuruldu. \u00d6ncesinde 2007 y\u0131l\u0131nda kurulan ormanist.com sitesinin devam\u0131d\u0131r. Binlerce \u00f6\u011frencinin bireysel \u00e7abalar\u0131 ve destekleri ile b\u00fcy\u00fcyerek Orman Fak\u00fclteleri \u00f6\u011frencileri aras\u0131nda ad\u0131n\u0131 halen s\u0131kl\u0131kla duyurabilen ve sevilen platform haline geldi.<\/p>\n<\/div>\n<\/div>\n\n\n\n<p><\/p>\n","protected":false},"excerpt":{"rendered":"<p>Ormantik.com 23 Nisan 2011&#8217;de \u0130stanbul \u00dcniversitesi Orman Fak\u00fcltesi&#8217;nde bir ka\u00e7 g\u00f6n\u00fcll\u00fc \u00f6\u011frenci taraf\u0131ndan kuruldu. \u00d6ncesinde 2007 y\u0131l\u0131nda kurulan ormanist.com sitesinin devam\u0131d\u0131r. Binlerce \u00f6\u011frencinin bireysel \u00e7abalar\u0131 ve destekleri ile b\u00fcy\u00fcyerek Orman Fak\u00fclteleri \u00f6\u011frencileri aras\u0131nda ad\u0131n\u0131 halen s\u0131kl\u0131kla duyurabilen ve sevilen platform haline geldi.<\/p>\n","protected":false},"author":1,"featured_media":0,"parent":0,"menu_order":0,"comment_status":"closed","ping_status":"closed","template":"","meta":{"footnotes":""},"class_list":["post-89","page","type-page","status-publish","hentry"],"yoast_head":"<!-- This site is optimized with the Yoast SEO plugin v27.2 - https:\/\/yoast.com\/product\/yoast-seo-wordpress\/ -->\n<title>Hakk\u0131m\u0131zda - ORMANT\u0130K<\/title>\n<meta name=\"robots\" content=\"index, follow, max-snippet:-1, max-image-preview:large, max-video-preview:-1\" \/>\n<link rel=\"canonical\" href=\"https:\/\/www.ormantik.com\/forum\/hakkimizda\/\" \/>\n<meta property=\"og:locale\" content=\"tr_TR\" \/>\n<meta property=\"og:type\" content=\"article\" \/>\n<meta property=\"og:title\" content=\"Hakk\u0131m\u0131zda - ORMANT\u0130K\" \/>\n<meta property=\"og:description\" content=\"Ormantik.com 23 Nisan 2011&#8217;de \u0130stanbul \u00dcniversitesi Orman Fak\u00fcltesi&#8217;nde bir ka\u00e7 g\u00f6n\u00fcll\u00fc \u00f6\u011frenci taraf\u0131ndan kuruldu. \u00d6ncesinde 2007 y\u0131l\u0131nda kurulan ormanist.com sitesinin devam\u0131d\u0131r. Binlerce \u00f6\u011frencinin bireysel \u00e7abalar\u0131 ve destekleri ile b\u00fcy\u00fcyerek Orman Fak\u00fclteleri \u00f6\u011frencileri aras\u0131nda ad\u0131n\u0131 halen s\u0131kl\u0131kla duyurabilen ve sevilen platform haline geldi.\" \/>\n<meta property=\"og:url\" content=\"https:\/\/www.ormantik.com\/forum\/hakkimizda\/\" \/>\n<meta property=\"og:site_name\" content=\"ORMANT\u0130K\" \/>\n<meta property=\"article:publisher\" content=\"https:\/\/www.facebook.com\/ormantikcom\" \/>\n<meta property=\"article:modified_time\" content=\"2021-01-25T07:13:36+00:00\" \/>\n<meta property=\"og:image\" content=\"https:\/\/www.ormantik.com\/forum\/wp-content\/uploads\/2021\/01\/ormantik-2011.jpg\" \/>\n<meta name=\"twitter:card\" content=\"summary_large_image\" \/>\n<meta name=\"twitter:site\" content=\"@ormantikcom\" \/>\n<meta name=\"twitter:label1\" content=\"Tahmini okuma s\u00fcresi\" \/>\n\t<meta name=\"twitter:data1\" content=\"1 dakika\" \/>\n<script type=\"application\/ld+json\" class=\"yoast-schema-graph\">{\"@context\":\"https:\/\/schema.org\",\"@graph\":[{\"@type\":\"WebPage\",\"@id\":\"https:\/\/www.ormantik.com\/forum\/hakkimizda\/\",\"url\":\"https:\/\/www.ormantik.com\/forum\/hakkimizda\/\",\"name\":\"Hakk\u0131m\u0131zda - ORMANT\u0130K\",\"isPartOf\":{\"@id\":\"https:\/\/www.ormantik.com\/forum\/#website\"},\"primaryImageOfPage\":{\"@id\":\"https:\/\/www.ormantik.com\/forum\/hakkimizda\/#primaryimage\"},\"image\":{\"@id\":\"https:\/\/www.ormantik.com\/forum\/hakkimizda\/#primaryimage\"},\"thumbnailUrl\":\"https:\/\/www.ormantik.com\/forum\/wp-content\/uploads\/2021\/01\/ormantik-2011.jpg\",\"datePublished\":\"2015-10-30T08:19:02+00:00\",\"dateModified\":\"2021-01-25T07:13:36+00:00\",\"breadcrumb\":{\"@id\":\"https:\/\/www.ormantik.com\/forum\/hakkimizda\/#breadcrumb\"},\"inLanguage\":\"tr\",\"potentialAction\":[{\"@type\":\"ReadAction\",\"target\":[\"https:\/\/www.ormantik.com\/forum\/hakkimizda\/\"]}]},{\"@type\":\"ImageObject\",\"inLanguage\":\"tr\",\"@id\":\"https:\/\/www.ormantik.com\/forum\/hakkimizda\/#primaryimage\",\"url\":\"https:\/\/www.ormantik.com\/forum\/wp-content\/uploads\/2021\/01\/ormantik-2011.jpg\",\"contentUrl\":\"https:\/\/www.ormantik.com\/forum\/wp-content\/uploads\/2021\/01\/ormantik-2011.jpg\",\"width\":709,\"height\":380},{\"@type\":\"BreadcrumbList\",\"@id\":\"https:\/\/www.ormantik.com\/forum\/hakkimizda\/#breadcrumb\",\"itemListElement\":[{\"@type\":\"ListItem\",\"position\":1,\"name\":\"Anasayfa\",\"item\":\"https:\/\/www.ormantik.com\/forum\/\"},{\"@type\":\"ListItem\",\"position\":2,\"name\":\"Hakk\u0131m\u0131zda\"}]},{\"@type\":\"WebSite\",\"@id\":\"https:\/\/www.ormantik.com\/forum\/#website\",\"url\":\"https:\/\/www.ormantik.com\/forum\/\",\"name\":\"ORMANT\u0130K\",\"description\":\"Orman Fak\u00fclteliler\",\"publisher\":{\"@id\":\"https:\/\/www.ormantik.com\/forum\/#organization\"},\"potentialAction\":[{\"@type\":\"SearchAction\",\"target\":{\"@type\":\"EntryPoint\",\"urlTemplate\":\"https:\/\/www.ormantik.com\/forum\/?s={search_term_string}\"},\"query-input\":{\"@type\":\"PropertyValueSpecification\",\"valueRequired\":true,\"valueName\":\"search_term_string\"}}],\"inLanguage\":\"tr\"},{\"@type\":\"Organization\",\"@id\":\"https:\/\/www.ormantik.com\/forum\/#organization\",\"name\":\"Ormantik\",\"url\":\"https:\/\/www.ormantik.com\/forum\/\",\"logo\":{\"@type\":\"ImageObject\",\"inLanguage\":\"tr\",\"@id\":\"https:\/\/www.ormantik.com\/forum\/#\/schema\/logo\/image\/\",\"url\":\"\",\"contentUrl\":\"\",\"caption\":\"Ormantik\"},\"image\":{\"@id\":\"https:\/\/www.ormantik.com\/forum\/#\/schema\/logo\/image\/\"},\"sameAs\":[\"https:\/\/www.facebook.com\/ormantikcom\",\"https:\/\/x.com\/ormantikcom\",\"https:\/\/www.instagram.com\/ormantikcom\",\"https:\/\/www.youtube.com\/ormantikcom\"]}]}<\/script>\n<!-- \/ Yoast SEO plugin. -->","yoast_head_json":{"title":"Hakk\u0131m\u0131zda - ORMANT\u0130K","robots":{"index":"index","follow":"follow","max-snippet":"max-snippet:-1","max-image-preview":"max-image-preview:large","max-video-preview":"max-video-preview:-1"},"canonical":"https:\/\/www.ormantik.com\/forum\/hakkimizda\/","og_locale":"tr_TR","og_type":"article","og_title":"Hakk\u0131m\u0131zda - ORMANT\u0130K","og_description":"Ormantik.com 23 Nisan 2011&#8217;de \u0130stanbul \u00dcniversitesi Orman Fak\u00fcltesi&#8217;nde bir ka\u00e7 g\u00f6n\u00fcll\u00fc \u00f6\u011frenci taraf\u0131ndan kuruldu. \u00d6ncesinde 2007 y\u0131l\u0131nda kurulan ormanist.com sitesinin devam\u0131d\u0131r. Binlerce \u00f6\u011frencinin bireysel \u00e7abalar\u0131 ve destekleri ile b\u00fcy\u00fcyerek Orman Fak\u00fclteleri \u00f6\u011frencileri aras\u0131nda ad\u0131n\u0131 halen s\u0131kl\u0131kla duyurabilen ve sevilen platform haline geldi.","og_url":"https:\/\/www.ormantik.com\/forum\/hakkimizda\/","og_site_name":"ORMANT\u0130K","article_publisher":"https:\/\/www.facebook.com\/ormantikcom","article_modified_time":"2021-01-25T07:13:36+00:00","og_image":[{"url":"https:\/\/www.ormantik.com\/forum\/wp-content\/uploads\/2021\/01\/ormantik-2011.jpg","type":"","width":"","height":""}],"twitter_card":"summary_large_image","twitter_site":"@ormantikcom","twitter_misc":{"Tahmini okuma s\u00fcresi":"1 dakika"},"schema":{"@context":"https:\/\/schema.org","@graph":[{"@type":"WebPage","@id":"https:\/\/www.ormantik.com\/forum\/hakkimizda\/","url":"https:\/\/www.ormantik.com\/forum\/hakkimizda\/","name":"Hakk\u0131m\u0131zda - ORMANT\u0130K","isPartOf":{"@id":"https:\/\/www.ormantik.com\/forum\/#website"},"primaryImageOfPage":{"@id":"https:\/\/www.ormantik.com\/forum\/hakkimizda\/#primaryimage"},"image":{"@id":"https:\/\/www.ormantik.com\/forum\/hakkimizda\/#primaryimage"},"thumbnailUrl":"https:\/\/www.ormantik.com\/forum\/wp-content\/uploads\/2021\/01\/ormantik-2011.jpg","datePublished":"2015-10-30T08:19:02+00:00","dateModified":"2021-01-25T07:13:36+00:00","breadcrumb":{"@id":"https:\/\/www.ormantik.com\/forum\/hakkimizda\/#breadcrumb"},"inLanguage":"tr","potentialAction":[{"@type":"ReadAction","target":["https:\/\/www.ormantik.com\/forum\/hakkimizda\/"]}]},{"@type":"ImageObject","inLanguage":"tr","@id":"https:\/\/www.ormantik.com\/forum\/hakkimizda\/#primaryimage","url":"https:\/\/www.ormantik.com\/forum\/wp-content\/uploads\/2021\/01\/ormantik-2011.jpg","contentUrl":"https:\/\/www.ormantik.com\/forum\/wp-content\/uploads\/2021\/01\/ormantik-2011.jpg","width":709,"height":380},{"@type":"BreadcrumbList","@id":"https:\/\/www.ormantik.com\/forum\/hakkimizda\/#breadcrumb","itemListElement":[{"@type":"ListItem","position":1,"name":"Anasayfa","item":"https:\/\/www.ormantik.com\/forum\/"},{"@type":"ListItem","position":2,"name":"Hakk\u0131m\u0131zda"}]},{"@type":"WebSite","@id":"https:\/\/www.ormantik.com\/forum\/#website","url":"https:\/\/www.ormantik.com\/forum\/","name":"ORMANT\u0130K","description":"Orman Fak\u00fclteliler","publisher":{"@id":"https:\/\/www.ormantik.com\/forum\/#organization"},"potentialAction":[{"@type":"SearchAction","target":{"@type":"EntryPoint","urlTemplate":"https:\/\/www.ormantik.com\/forum\/?s={search_term_string}"},"query-input":{"@type":"PropertyValueSpecification","valueRequired":true,"valueName":"search_term_string"}}],"inLanguage":"tr"},{"@type":"Organization","@id":"https:\/\/www.ormantik.com\/forum\/#organization","name":"Ormantik","url":"https:\/\/www.ormantik.com\/forum\/","logo":{"@type":"ImageObject","inLanguage":"tr","@id":"https:\/\/www.ormantik.com\/forum\/#\/schema\/logo\/image\/","url":"","contentUrl":"","caption":"Ormantik"},"image":{"@id":"https:\/\/www.ormantik.com\/forum\/#\/schema\/logo\/image\/"},"sameAs":["https:\/\/www.facebook.com\/ormantikcom","https:\/\/x.com\/ormantikcom","https:\/\/www.instagram.com\/ormantikcom","https:\/\/www.youtube.com\/ormantikcom"]}]}},"_links":{"self":[{"href":"https:\/\/www.ormantik.com\/forum\/wp-json\/wp\/v2\/pages\/89","targetHints":{"allow":["GET"]}}],"collection":[{"href":"https:\/\/www.ormantik.com\/forum\/wp-json\/wp\/v2\/pages"}],"about":[{"href":"https:\/\/www.ormantik.com\/forum\/wp-json\/wp\/v2\/types\/page"}],"author":[{"embeddable":true,"href":"https:\/\/www.ormantik.com\/forum\/wp-json\/wp\/v2\/users\/1"}],"replies":[{"embeddable":true,"href":"https:\/\/www.ormantik.com\/forum\/wp-json\/wp\/v2\/comments?post=89"}],"version-history":[{"count":4,"href":"https:\/\/www.ormantik.com\/forum\/wp-json\/wp\/v2\/pages\/89\/revisions"}],"predecessor-version":[{"id":1277,"href":"https:\/\/www.ormantik.com\/forum\/wp-json\/wp\/v2\/pages\/89\/revisions\/1277"}],"wp:attachment":[{"href":"https:\/\/www.ormantik.com\/forum\/wp-json\/wp\/v2\/media?parent=89"}],"curies":[{"name":"wp","href":"https:\/\/api.w.org\/{rel}","templated":true}]}}