{"id":91,"date":"2015-10-30T10:19:20","date_gmt":"2015-10-30T08:19:20","guid":{"rendered":"http:\/\/www.ormantik.com\/forum\/?page_id=91"},"modified":"2021-01-25T07:29:54","modified_gmt":"2021-01-25T04:29:54","slug":"iletisim","status":"publish","type":"page","link":"https:\/\/www.ormantik.com\/forum\/iletisim\/","title":{"rendered":"\u0130leti\u015fim"},"content":{"rendered":"\n<p>ormantik@ormantik.com<\/p>\n","protected":false},"excerpt":{"rendered":"<p>ormantik@ormantik.com<\/p>\n","protected":false},"author":1,"featured_media":0,"parent":0,"menu_order":0,"comment_status":"closed","ping_status":"closed","template":"","meta":{"footnotes":""},"class_list":["post-91","page","type-page","status-publish","hentry"],"yoast_head":"<!-- This site is optimized with the Yoast SEO plugin v27.2 - https:\/\/yoast.com\/product\/yoast-seo-wordpress\/ -->\n<title>\u0130leti\u015fim - ORMANT\u0130K<\/title>\n<meta name=\"robots\" content=\"index, follow, max-snippet:-1, max-image-preview:large, max-video-preview:-1\" \/>\n<link rel=\"canonical\" href=\"https:\/\/www.ormantik.com\/forum\/iletisim\/\" \/>\n<meta property=\"og:locale\" content=\"tr_TR\" \/>\n<meta property=\"og:type\" content=\"article\" \/>\n<meta property=\"og:title\" content=\"\u0130leti\u015fim - ORMANT\u0130K\" \/>\n<meta property=\"og:description\" content=\"ormantik@ormantik.com\" \/>\n<meta property=\"og:url\" content=\"https:\/\/www.ormantik.com\/forum\/iletisim\/\" \/>\n<meta property=\"og:site_name\" content=\"ORMANT\u0130K\" \/>\n<meta property=\"article:publisher\" content=\"https:\/\/www.facebook.com\/ormantikcom\" \/>\n<meta property=\"article:modified_time\" content=\"2021-01-25T04:29:54+00:00\" \/>\n<meta name=\"twitter:card\" content=\"summary_large_image\" \/>\n<meta name=\"twitter:site\" content=\"@ormantikcom\" \/>\n<meta name=\"twitter:label1\" content=\"Tahmini okuma s\u00fcresi\" \/>\n\t<meta name=\"twitter:data1\" content=\"1 dakika\" \/>\n<script type=\"application\/ld+json\" class=\"yoast-schema-graph\">{\"@context\":\"https:\/\/schema.org\",\"@graph\":[{\"@type\":\"WebPage\",\"@id\":\"https:\/\/www.ormantik.com\/forum\/iletisim\/\",\"url\":\"https:\/\/www.ormantik.com\/forum\/iletisim\/\",\"name\":\"\u0130leti\u015fim - ORMANT\u0130K\",\"isPartOf\":{\"@id\":\"https:\/\/www.ormantik.com\/forum\/#website\"},\"datePublished\":\"2015-10-30T08:19:20+00:00\",\"dateModified\":\"2021-01-25T04:29:54+00:00\",\"breadcrumb\":{\"@id\":\"https:\/\/www.ormantik.com\/forum\/iletisim\/#breadcrumb\"},\"inLanguage\":\"tr\",\"potentialAction\":[{\"@type\":\"ReadAction\",\"target\":[\"https:\/\/www.ormantik.com\/forum\/iletisim\/\"]}]},{\"@type\":\"BreadcrumbList\",\"@id\":\"https:\/\/www.ormantik.com\/forum\/iletisim\/#breadcrumb\",\"itemListElement\":[{\"@type\":\"ListItem\",\"position\":1,\"name\":\"Anasayfa\",\"item\":\"https:\/\/www.ormantik.com\/forum\/\"},{\"@type\":\"ListItem\",\"position\":2,\"name\":\"\u0130leti\u015fim\"}]},{\"@type\":\"WebSite\",\"@id\":\"https:\/\/www.ormantik.com\/forum\/#website\",\"url\":\"https:\/\/www.ormantik.com\/forum\/\",\"name\":\"ORMANT\u0130K\",\"description\":\"Orman Fak\u00fclteliler\",\"publisher\":{\"@id\":\"https:\/\/www.ormantik.com\/forum\/#organization\"},\"potentialAction\":[{\"@type\":\"SearchAction\",\"target\":{\"@type\":\"EntryPoint\",\"urlTemplate\":\"https:\/\/www.ormantik.com\/forum\/?s={search_term_string}\"},\"query-input\":{\"@type\":\"PropertyValueSpecification\",\"valueRequired\":true,\"valueName\":\"search_term_string\"}}],\"inLanguage\":\"tr\"},{\"@type\":\"Organization\",\"@id\":\"https:\/\/www.ormantik.com\/forum\/#organization\",\"name\":\"Ormantik\",\"url\":\"https:\/\/www.ormantik.com\/forum\/\",\"logo\":{\"@type\":\"ImageObject\",\"inLanguage\":\"tr\",\"@id\":\"https:\/\/www.ormantik.com\/forum\/#\/schema\/logo\/image\/\",\"url\":\"\",\"contentUrl\":\"\",\"caption\":\"Ormantik\"},\"image\":{\"@id\":\"https:\/\/www.ormantik.com\/forum\/#\/schema\/logo\/image\/\"},\"sameAs\":[\"https:\/\/www.facebook.com\/ormantikcom\",\"https:\/\/x.com\/ormantikcom\",\"https:\/\/www.instagram.com\/ormantikcom\",\"https:\/\/www.youtube.com\/ormantikcom\"]}]}<\/script>\n<!-- \/ Yoast SEO plugin. -->","yoast_head_json":{"title":"\u0130leti\u015fim - ORMANT\u0130K","robots":{"index":"index","follow":"follow","max-snippet":"max-snippet:-1","max-image-preview":"max-image-preview:large","max-video-preview":"max-video-preview:-1"},"canonical":"https:\/\/www.ormantik.com\/forum\/iletisim\/","og_locale":"tr_TR","og_type":"article","og_title":"\u0130leti\u015fim - ORMANT\u0130K","og_description":"ormantik@ormantik.com","og_url":"https:\/\/www.ormantik.com\/forum\/iletisim\/","og_site_name":"ORMANT\u0130K","article_publisher":"https:\/\/www.facebook.com\/ormantikcom","article_modified_time":"2021-01-25T04:29:54+00:00","twitter_card":"summary_large_image","twitter_site":"@ormantikcom","twitter_misc":{"Tahmini okuma s\u00fcresi":"1 dakika"},"schema":{"@context":"https:\/\/schema.org","@graph":[{"@type":"WebPage","@id":"https:\/\/www.ormantik.com\/forum\/iletisim\/","url":"https:\/\/www.ormantik.com\/forum\/iletisim\/","name":"\u0130leti\u015fim - ORMANT\u0130K","isPartOf":{"@id":"https:\/\/www.ormantik.com\/forum\/#website"},"datePublished":"2015-10-30T08:19:20+00:00","dateModified":"2021-01-25T04:29:54+00:00","breadcrumb":{"@id":"https:\/\/www.ormantik.com\/forum\/iletisim\/#breadcrumb"},"inLanguage":"tr","potentialAction":[{"@type":"ReadAction","target":["https:\/\/www.ormantik.com\/forum\/iletisim\/"]}]},{"@type":"BreadcrumbList","@id":"https:\/\/www.ormantik.com\/forum\/iletisim\/#breadcrumb","itemListElement":[{"@type":"ListItem","position":1,"name":"Anasayfa","item":"https:\/\/www.ormantik.com\/forum\/"},{"@type":"ListItem","position":2,"name":"\u0130leti\u015fim"}]},{"@type":"WebSite","@id":"https:\/\/www.ormantik.com\/forum\/#website","url":"https:\/\/www.ormantik.com\/forum\/","name":"ORMANT\u0130K","description":"Orman Fak\u00fclteliler","publisher":{"@id":"https:\/\/www.ormantik.com\/forum\/#organization"},"potentialAction":[{"@type":"SearchAction","target":{"@type":"EntryPoint","urlTemplate":"https:\/\/www.ormantik.com\/forum\/?s={search_term_string}"},"query-input":{"@type":"PropertyValueSpecification","valueRequired":true,"valueName":"search_term_string"}}],"inLanguage":"tr"},{"@type":"Organization","@id":"https:\/\/www.ormantik.com\/forum\/#organization","name":"Ormantik","url":"https:\/\/www.ormantik.com\/forum\/","logo":{"@type":"ImageObject","inLanguage":"tr","@id":"https:\/\/www.ormantik.com\/forum\/#\/schema\/logo\/image\/","url":"","contentUrl":"","caption":"Ormantik"},"image":{"@id":"https:\/\/www.ormantik.com\/forum\/#\/schema\/logo\/image\/"},"sameAs":["https:\/\/www.facebook.com\/ormantikcom","https:\/\/x.com\/ormantikcom","https:\/\/www.instagram.com\/ormantikcom","https:\/\/www.youtube.com\/ormantikcom"]}]}},"_links":{"self":[{"href":"https:\/\/www.ormantik.com\/forum\/wp-json\/wp\/v2\/pages\/91","targetHints":{"allow":["GET"]}}],"collection":[{"href":"https:\/\/www.ormantik.com\/forum\/wp-json\/wp\/v2\/pages"}],"about":[{"href":"https:\/\/www.ormantik.com\/forum\/wp-json\/wp\/v2\/types\/page"}],"author":[{"embeddable":true,"href":"https:\/\/www.ormantik.com\/forum\/wp-json\/wp\/v2\/users\/1"}],"replies":[{"embeddable":true,"href":"https:\/\/www.ormantik.com\/forum\/wp-json\/wp\/v2\/comments?post=91"}],"version-history":[{"count":3,"href":"https:\/\/www.ormantik.com\/forum\/wp-json\/wp\/v2\/pages\/91\/revisions"}],"predecessor-version":[{"id":1259,"href":"https:\/\/www.ormantik.com\/forum\/wp-json\/wp\/v2\/pages\/91\/revisions\/1259"}],"wp:attachment":[{"href":"https:\/\/www.ormantik.com\/forum\/wp-json\/wp\/v2\/media?parent=91"}],"curies":[{"name":"wp","href":"https:\/\/api.w.org\/{rel}","templated":true}]}}